{"id":38,"date":"2014-02-07T10:20:49","date_gmt":"2014-02-07T10:20:49","guid":{"rendered":"http:\/\/studio.symbiont-music.com\/wp\/?page_id=38"},"modified":"2015-11-07T01:37:11","modified_gmt":"2015-11-07T00:37:11","slug":"impressum","status":"publish","type":"page","link":"https:\/\/studio.symbiont-music.com\/wp\/?page_id=38","title":{"rendered":"Impress"},"content":{"rendered":"<p>symbiont studio<br \/>\nBeilsteiner Stra\u00dfe 121<br \/>\n12681 Berlin<\/p>\n<p>studio[at]symbiont-music.com<\/p>\n<p><strong>Inhaltlich Verantwortlicher gem\u00e4\u00df \u00a7 5 TMG und \u00a7 55 RStV<\/strong><br \/>\nThomas Oesterreich<br \/>\nsymbiont-music<br \/>\nFrankfurter Allee 64<br \/>\n10247 Berlin<\/p>\n<p>\u00a9 2014 f\u00fcr alle eigenen Inhalte. Alle Rechte vorbehalten.<\/p>\n<p><strong>Haftungshinweis:<\/strong><br \/>\nTrotz sorgf\u00e4ltiger inhaltlicher Kontrolle \u00fcbernehmen wir keine Haftung f\u00fcr die Inhalte externer Links. F\u00fcr den Inhalt der verlinkten Seiten sind ausschlie\u00dflich deren Betreiber verantwortlich. F\u00fcr alle Links zu anderen Seiten im Internet erkl\u00e4rt symbiont-music ausdr\u00fccklich, dass er keinerlei Einfluss auf die Gestaltung und die Inhalte der verlinkten Seiten hat. Deshalb distanzieren wir uns hiermit ausdr\u00fccklich von allen Inhalten aller verlinkten Seiten Dritter, machen uns diese Inhalte nicht zu eigen und \u00fcbernehmen keine Haftung und Gew\u00e4hr f\u00fcr diese fremden Inhalte. Diese Erkl\u00e4rung gilt f\u00fcr alle angezeigten Links und f\u00fcr alle Inhalte der Seiten, zu denen Links f\u00fchren.<\/p>\n<p>&nbsp;<\/p>\n","protected":false},"excerpt":{"rendered":"<p>symbiont studio Beilsteiner Stra\u00dfe 121 12681 Berlin studio[at]symbiont-music.com Inhaltlich Verantwortlicher gem\u00e4\u00df \u00a7 5 TMG und \u00a7 55 RStV Thomas Oesterreich symbiont-music Frankfurter Allee 64 10247 Berlin \u00a9 2014 f\u00fcr alle eigenen Inhalte. Alle Rechte vorbehalten. Haftungshinweis: Trotz sorgf\u00e4ltiger inhaltlicher Kontrolle \u00fcbernehmen wir keine Haftung f\u00fcr die Inhalte externer Links. F\u00fcr den Inhalt der verlinkten Seiten&#8230;<\/p>\n","protected":false},"author":1,"featured_media":0,"parent":0,"menu_order":0,"comment_status":"closed","ping_status":"closed","template":"","meta":{"footnotes":""},"_links":{"self":[{"href":"https:\/\/studio.symbiont-music.com\/wp\/index.php?rest_route=\/wp\/v2\/pages\/38"}],"collection":[{"href":"https:\/\/studio.symbiont-music.com\/wp\/index.php?rest_route=\/wp\/v2\/pages"}],"about":[{"href":"https:\/\/studio.symbiont-music.com\/wp\/index.php?rest_route=\/wp\/v2\/types\/page"}],"author":[{"embeddable":true,"href":"https:\/\/studio.symbiont-music.com\/wp\/index.php?rest_route=\/wp\/v2\/users\/1"}],"replies":[{"embeddable":true,"href":"https:\/\/studio.symbiont-music.com\/wp\/index.php?rest_route=%2Fwp%2Fv2%2Fcomments&post=38"}],"version-history":[{"count":2,"href":"https:\/\/studio.symbiont-music.com\/wp\/index.php?rest_route=\/wp\/v2\/pages\/38\/revisions"}],"predecessor-version":[{"id":442,"href":"https:\/\/studio.symbiont-music.com\/wp\/index.php?rest_route=\/wp\/v2\/pages\/38\/revisions\/442"}],"wp:attachment":[{"href":"https:\/\/studio.symbiont-music.com\/wp\/index.php?rest_route=%2Fwp%2Fv2%2Fmedia&parent=38"}],"curies":[{"name":"wp","href":"https:\/\/api.w.org\/{rel}","templated":true}]}}